{"id":41922,"date":"2025-07-19T18:45:10","date_gmt":"2025-07-19T18:45:10","guid":{"rendered":"https:\/\/limanimobile-ks.com\/?post_type=product&#038;p=41922"},"modified":"2025-07-19T20:01:55","modified_gmt":"2025-07-19T20:01:55","slug":"bathroom","status":"publish","type":"product","link":"https:\/\/limanimobile-ks.com\/sq\/produkt\/bathroom\/","title":{"rendered":"Banjo"},"content":{"rendered":"<p>Mobilie t\u00eb personalizuara p\u00ebr banjo, t\u00eb dizajnuara sipas hap\u00ebsir\u00ebs dhe nevojave tuaja.<\/p>","protected":false},"excerpt":{"rendered":"<p>Mobilie t\u00eb personalizuara p\u00ebr banjo, t\u00eb dizajnuara sipas hap\u00ebsir\u00ebs dhe nevojave tuaja.<\/p>","protected":false},"featured_media":41927,"comment_status":"closed","ping_status":"closed","template":"","meta":{"_monsterinsights_skip_tracking":false,"_monsterinsights_sitenote_active":false,"_monsterinsights_sitenote_note":"","_monsterinsights_sitenote_category":0},"product_brand":[],"product_cat":[282],"product_tag":[312],"class_list":{"0":"post-41922","1":"product","2":"type-product","3":"status-publish","4":"has-post-thumbnail","6":"product_cat-bathroom","7":"product_tag-bathroom","9":"first","10":"instock","11":"shipping-taxable","12":"product-type-simple"},"_links":{"self":[{"href":"https:\/\/limanimobile-ks.com\/sq\/wp-json\/wp\/v2\/product\/41922","targetHints":{"allow":["GET"]}}],"collection":[{"href":"https:\/\/limanimobile-ks.com\/sq\/wp-json\/wp\/v2\/product"}],"about":[{"href":"https:\/\/limanimobile-ks.com\/sq\/wp-json\/wp\/v2\/types\/product"}],"replies":[{"embeddable":true,"href":"https:\/\/limanimobile-ks.com\/sq\/wp-json\/wp\/v2\/comments?post=41922"}],"wp:featuredmedia":[{"embeddable":true,"href":"https:\/\/limanimobile-ks.com\/sq\/wp-json\/wp\/v2\/media\/41927"}],"wp:attachment":[{"href":"https:\/\/limanimobile-ks.com\/sq\/wp-json\/wp\/v2\/media?parent=41922"}],"wp:term":[{"taxonomy":"product_brand","embeddable":true,"href":"https:\/\/limanimobile-ks.com\/sq\/wp-json\/wp\/v2\/product_brand?post=41922"},{"taxonomy":"product_cat","embeddable":true,"href":"https:\/\/limanimobile-ks.com\/sq\/wp-json\/wp\/v2\/product_cat?post=41922"},{"taxonomy":"product_tag","embeddable":true,"href":"https:\/\/limanimobile-ks.com\/sq\/wp-json\/wp\/v2\/product_tag?post=41922"}],"curies":[{"name":"wp","href":"https:\/\/api.w.org\/{rel}","templated":true}]}}