{"id":41954,"date":"2025-07-19T19:12:46","date_gmt":"2025-07-19T19:12:46","guid":{"rendered":"https:\/\/limanimobile-ks.com\/?post_type=product&#038;p=41954"},"modified":"2025-07-19T20:00:47","modified_gmt":"2025-07-19T20:00:47","slug":"bedroom-model-5","status":"publish","type":"product","link":"https:\/\/limanimobile-ks.com\/sq\/produkt\/bedroom-model-5\/","title":{"rendered":"Dhoma gjumi Model 5"},"content":{"rendered":"<p>Modelet tona m\u00eb t\u00eb mira t\u00eb dhomave t\u00eb gjumit dhe m\u00eb shum\u00eb. T\u00eb gjitha t\u00eb personalizuara dhe t\u00eb b\u00ebra me porosi sipas hap\u00ebsir\u00ebs suaj.<\/p>","protected":false},"excerpt":{"rendered":"<p>Modelet tona m\u00eb t\u00eb mira t\u00eb dhomave t\u00eb gjumit dhe m\u00eb shum\u00eb. T\u00eb gjitha t\u00eb personalizuara dhe t\u00eb b\u00ebra me porosi sipas hap\u00ebsir\u00ebs suaj.<\/p>","protected":false},"featured_media":41955,"comment_status":"closed","ping_status":"closed","template":"","meta":{"_monsterinsights_skip_tracking":false,"_monsterinsights_sitenote_active":false,"_monsterinsights_sitenote_note":"","_monsterinsights_sitenote_category":0},"product_brand":[],"product_cat":[230],"product_tag":[219],"class_list":{"0":"post-41954","1":"product","2":"type-product","3":"status-publish","4":"has-post-thumbnail","6":"product_cat-bedroom","7":"product_tag-bedroom","9":"first","10":"instock","11":"shipping-taxable","12":"product-type-simple"},"_links":{"self":[{"href":"https:\/\/limanimobile-ks.com\/sq\/wp-json\/wp\/v2\/product\/41954","targetHints":{"allow":["GET"]}}],"collection":[{"href":"https:\/\/limanimobile-ks.com\/sq\/wp-json\/wp\/v2\/product"}],"about":[{"href":"https:\/\/limanimobile-ks.com\/sq\/wp-json\/wp\/v2\/types\/product"}],"replies":[{"embeddable":true,"href":"https:\/\/limanimobile-ks.com\/sq\/wp-json\/wp\/v2\/comments?post=41954"}],"wp:featuredmedia":[{"embeddable":true,"href":"https:\/\/limanimobile-ks.com\/sq\/wp-json\/wp\/v2\/media\/41955"}],"wp:attachment":[{"href":"https:\/\/limanimobile-ks.com\/sq\/wp-json\/wp\/v2\/media?parent=41954"}],"wp:term":[{"taxonomy":"product_brand","embeddable":true,"href":"https:\/\/limanimobile-ks.com\/sq\/wp-json\/wp\/v2\/product_brand?post=41954"},{"taxonomy":"product_cat","embeddable":true,"href":"https:\/\/limanimobile-ks.com\/sq\/wp-json\/wp\/v2\/product_cat?post=41954"},{"taxonomy":"product_tag","embeddable":true,"href":"https:\/\/limanimobile-ks.com\/sq\/wp-json\/wp\/v2\/product_tag?post=41954"}],"curies":[{"name":"wp","href":"https:\/\/api.w.org\/{rel}","templated":true}]}}