{"id":41971,"date":"2025-07-19T19:34:21","date_gmt":"2025-07-19T19:34:21","guid":{"rendered":"https:\/\/limanimobile-ks.com\/?post_type=product&#038;p=41971"},"modified":"2025-07-19T20:00:32","modified_gmt":"2025-07-19T20:00:32","slug":"kitchen-model-1","status":"publish","type":"product","link":"https:\/\/limanimobile-ks.com\/sq\/produkt\/kitchen-model-1\/","title":{"rendered":"Kuzhina Model 1"},"content":{"rendered":"<p>Mobilie kuzhine premium, me montim t\u00eb realizuar nga ekspert\u00eb p\u00ebr p\u00ebrsosm\u00ebri.\nKategoria: Kuzhina<\/p>","protected":false},"excerpt":{"rendered":"<p>Mobilie kuzhine premium, me montim t\u00eb realizuar nga ekspert\u00eb p\u00ebr p\u00ebrsosm\u00ebri.\nKategoria: Kuzhina<\/p>","protected":false},"featured_media":41972,"comment_status":"closed","ping_status":"closed","template":"","meta":{"_monsterinsights_skip_tracking":false,"_monsterinsights_sitenote_active":false,"_monsterinsights_sitenote_note":"","_monsterinsights_sitenote_category":0},"product_brand":[],"product_cat":[218],"product_tag":[233],"class_list":{"0":"post-41971","1":"product","2":"type-product","3":"status-publish","4":"has-post-thumbnail","6":"product_cat-kitchen","7":"product_tag-kitchen","9":"first","10":"instock","11":"shipping-taxable","12":"product-type-simple"},"_links":{"self":[{"href":"https:\/\/limanimobile-ks.com\/sq\/wp-json\/wp\/v2\/product\/41971","targetHints":{"allow":["GET"]}}],"collection":[{"href":"https:\/\/limanimobile-ks.com\/sq\/wp-json\/wp\/v2\/product"}],"about":[{"href":"https:\/\/limanimobile-ks.com\/sq\/wp-json\/wp\/v2\/types\/product"}],"replies":[{"embeddable":true,"href":"https:\/\/limanimobile-ks.com\/sq\/wp-json\/wp\/v2\/comments?post=41971"}],"wp:featuredmedia":[{"embeddable":true,"href":"https:\/\/limanimobile-ks.com\/sq\/wp-json\/wp\/v2\/media\/41972"}],"wp:attachment":[{"href":"https:\/\/limanimobile-ks.com\/sq\/wp-json\/wp\/v2\/media?parent=41971"}],"wp:term":[{"taxonomy":"product_brand","embeddable":true,"href":"https:\/\/limanimobile-ks.com\/sq\/wp-json\/wp\/v2\/product_brand?post=41971"},{"taxonomy":"product_cat","embeddable":true,"href":"https:\/\/limanimobile-ks.com\/sq\/wp-json\/wp\/v2\/product_cat?post=41971"},{"taxonomy":"product_tag","embeddable":true,"href":"https:\/\/limanimobile-ks.com\/sq\/wp-json\/wp\/v2\/product_tag?post=41971"}],"curies":[{"name":"wp","href":"https:\/\/api.w.org\/{rel}","templated":true}]}}