{"id":42041,"date":"2025-07-19T21:43:56","date_gmt":"2025-07-19T21:43:56","guid":{"rendered":"https:\/\/limanimobile-ks.com\/?post_type=product&#038;p=42041"},"modified":"2025-07-19T21:43:56","modified_gmt":"2025-07-19T21:43:56","slug":"tv-set","status":"publish","type":"product","link":"https:\/\/limanimobile-ks.com\/sq\/produkt\/tv-set\/","title":{"rendered":"Set TV"},"content":{"rendered":"<p>Mobilie premium p\u00ebr dhom\u00ebn e dit\u00ebs, si komodat e personalizuara p\u00ebr televizor\u00eb, t\u00eb dizajnuara q\u00eb t\u2019i p\u00ebrshtaten hap\u00ebsir\u00ebs dhe nevojave tuaja.\nKategoria: Dhoma dite, TV Komoda<\/p>","protected":false},"excerpt":{"rendered":"<p>Mobilie premium p\u00ebr dhom\u00ebn e dit\u00ebs, si komodat e personalizuara p\u00ebr televizor\u00eb, t\u00eb dizajnuara q\u00eb t\u2019i p\u00ebrshtaten hap\u00ebsir\u00ebs dhe nevojave tuaja.\nKategoria: Dhoma dite, TV Komoda<\/p>","protected":false},"featured_media":42042,"comment_status":"closed","ping_status":"closed","template":"","meta":{"_monsterinsights_skip_tracking":false,"_monsterinsights_sitenote_active":false,"_monsterinsights_sitenote_note":"","_monsterinsights_sitenote_category":0},"product_brand":[],"product_cat":[283,315],"product_tag":[316],"class_list":{"0":"post-42041","1":"product","2":"type-product","3":"status-publish","4":"has-post-thumbnail","6":"product_cat-living-room","7":"product_cat-tv-sets","8":"product_tag-tv-sets","10":"first","11":"instock","12":"shipping-taxable","13":"product-type-simple"},"_links":{"self":[{"href":"https:\/\/limanimobile-ks.com\/sq\/wp-json\/wp\/v2\/product\/42041","targetHints":{"allow":["GET"]}}],"collection":[{"href":"https:\/\/limanimobile-ks.com\/sq\/wp-json\/wp\/v2\/product"}],"about":[{"href":"https:\/\/limanimobile-ks.com\/sq\/wp-json\/wp\/v2\/types\/product"}],"replies":[{"embeddable":true,"href":"https:\/\/limanimobile-ks.com\/sq\/wp-json\/wp\/v2\/comments?post=42041"}],"wp:featuredmedia":[{"embeddable":true,"href":"https:\/\/limanimobile-ks.com\/sq\/wp-json\/wp\/v2\/media\/42042"}],"wp:attachment":[{"href":"https:\/\/limanimobile-ks.com\/sq\/wp-json\/wp\/v2\/media?parent=42041"}],"wp:term":[{"taxonomy":"product_brand","embeddable":true,"href":"https:\/\/limanimobile-ks.com\/sq\/wp-json\/wp\/v2\/product_brand?post=42041"},{"taxonomy":"product_cat","embeddable":true,"href":"https:\/\/limanimobile-ks.com\/sq\/wp-json\/wp\/v2\/product_cat?post=42041"},{"taxonomy":"product_tag","embeddable":true,"href":"https:\/\/limanimobile-ks.com\/sq\/wp-json\/wp\/v2\/product_tag?post=42041"}],"curies":[{"name":"wp","href":"https:\/\/api.w.org\/{rel}","templated":true}]}}